{"id":222,"date":"2013-11-07T19:59:21","date_gmt":"2013-11-07T19:59:21","guid":{"rendered":"https:\/\/www.pepitamusiquesetcultures.net\/fr\/?page_id=222"},"modified":"2015-03-16T09:40:27","modified_gmt":"2015-03-16T09:40:27","slug":"bosso","status":"publish","type":"page","link":"https:\/\/www.pepitamusiquesetcultures.net\/fr\/?page_id=222","title":{"rendered":"Fabrizio Bosso"},"content":{"rendered":"<p><script type=\"text\/javascript\" src=\"http:\/\/www.pepitamusiquesetcultures.net\/audio\/java\/FWDAudioPlayer.js\"><\/script><\/p>\n<p><div class=\"container full_width\"><div class=\"row-fluid\">\r\n                <div class=\"span12\"><div class=\"text\"><p> <img decoding=\"async\" src=\"http:\/\/www.pepitamusiquesetcultures.net\/images\/artists\/bosso.png\" alt=\"Fabrizio Bosso\" \/><\/p>\n<\/div><\/div>\r\n        <\/div><\/div><br \/>\n<div class=\"container two_columns\">\n<div class=\"row-fluid\"><div class=\"span6\"><div class=\"text\">\n<h3 style=\"color:#FFFAE3; text-align:center;\">Fabrizio Bosso joue &#8220;Cantabile&#8221;<br \/>de Michel Petrucciani<\/h3>\n\n<\/div><\/div> <div class=\"span6\"><div class=\"text\">\n<div align=\"center\">\n<div id=\"myDiv\"><\/div>\n<\/div>\n\n<\/div><\/div><\/div><br \/>\n<\/div><br \/>\n<div class=\"container full_width\"><div class=\"row-fluid\">\r\n                <div class=\"span12\"><div class=\"text\">\n<h3 style=\"color:#FFFAE3; text-align:center;\"><a href=\"http:\/\/www.pepitamusiquesetcultures.net\/michelonair\/\">Visitez notre page d\u00e9di\u00e9e \u00e0 l&#8217;album &#8220;Michel On Air&#8221;<\/a><\/h3>\n\n<\/div><\/div>\r\n        <\/div><\/div><br \/>\n<div class=\"container full_width\"><div class=\"row-fluid\">\r\n                <div class=\"span12\"><div class=\"text\"><p><iframe loading=\"lazy\" width=\"100%\" height=\"500px\" src=\"https:\/\/www.youtube.com\/embed\/VcL8pEI7DZI\" frameborder=\"0\" allowfullscreen><\/iframe><\/p>\n<\/div><\/div>\r\n        <\/div><\/div><\/p>\n<p><script type=\"text\/javascript\">\n\tFWDUtils.onReady(function(){\n\t\tnew FWDAudioPlayer({\t\n\t\t\t\/\/main settings\n\t\t\tinstanceName:\"player1\",\n\t\t\tparentId:\"myDiv\",\n\t\t\tskinPath:\"http:\/\/www.pepitamusiquesetcultures.net\/audio\/content\/modern_skin3_dark\",\n\t\t\tflashPath:\"http:\/\/www.pepitamusiquesetcultures.net\/audio\/content\/swf.swf\",\n\t\t\tsourcePath:\"http:\/\/www.pepitamusiquesetcultures.net\/audio\/tracks\/bossocantabile.mp3, http:\/\/www.pepitamusiquesetcultures.net\/audio\/tracks\/bossocantabile.ogg\",\n\t\t\tuseOnlyAPI:\"no\",\n\t\t\tshowContextMenu:\"yes\",\n\t\t\tautoPlay:\"no\",\n\t\t\tloop:\"no\",\n\t\t\tmaxWidth:523,\n\t\t\tvolume:.8,\n\t\t\tbackgroundColor:\"transparent\",\n\t\t\t\/\/controller settings\n\t\t\tanimateOnIntro:\"yes\",\n\t\t\tshowOnlyPlayButton:\"no\",\n\t\t\tshowBackgroundBar:\"yes\",\n\t\t\tshowVolumeScrubber:\"yes\",\n\t\t\tshowVolumeButton:\"yes\",\n\t\t\tshowTime:\"yes\",\n\t\t\tstartSpaceBetweenButtons:9,\n\t\t\tprogressScrubberMinWidth:100,\n\t\t\tvolumeScrubberWidth:80,\n\t\t\tcontrollerBackgroundOpacity:.1,\n\t\t\tspaceBetweenButtons:6,\n\t\t\tscrubbersOffsetWidth:6,\n\t\t\tscrubbersOffestTotalWidth:2,\n\t\t\ttimeOffestLeft:0,\n\t\t\ttimeOffsetTop:0,\n\t\t\ttimeOffestTotalWidth:3,\n\t\t\ttimeColor:\"#3399FF\"\n\t\t});\n});\n<\/script><\/p>\n","protected":false},"excerpt":{"rendered":"","protected":false},"author":1,"featured_media":0,"parent":0,"menu_order":0,"comment_status":"closed","ping_status":"closed","template":"","meta":{"footnotes":""},"_links":{"self":[{"href":"https:\/\/www.pepitamusiquesetcultures.net\/fr\/index.php?rest_route=\/wp\/v2\/pages\/222"}],"collection":[{"href":"https:\/\/www.pepitamusiquesetcultures.net\/fr\/index.php?rest_route=\/wp\/v2\/pages"}],"about":[{"href":"https:\/\/www.pepitamusiquesetcultures.net\/fr\/index.php?rest_route=\/wp\/v2\/types\/page"}],"author":[{"embeddable":true,"href":"https:\/\/www.pepitamusiquesetcultures.net\/fr\/index.php?rest_route=\/wp\/v2\/users\/1"}],"replies":[{"embeddable":true,"href":"https:\/\/www.pepitamusiquesetcultures.net\/fr\/index.php?rest_route=%2Fwp%2Fv2%2Fcomments&post=222"}],"version-history":[{"count":31,"href":"https:\/\/www.pepitamusiquesetcultures.net\/fr\/index.php?rest_route=\/wp\/v2\/pages\/222\/revisions"}],"predecessor-version":[{"id":489,"href":"https:\/\/www.pepitamusiquesetcultures.net\/fr\/index.php?rest_route=\/wp\/v2\/pages\/222\/revisions\/489"}],"wp:attachment":[{"href":"https:\/\/www.pepitamusiquesetcultures.net\/fr\/index.php?rest_route=%2Fwp%2Fv2%2Fmedia&parent=222"}],"curies":[{"name":"wp","href":"https:\/\/api.w.org\/{rel}","templated":true}]}}