{"id":397,"date":"2014-11-23T23:13:52","date_gmt":"2014-11-23T23:13:52","guid":{"rendered":"https:\/\/www.pepitamusiquesetcultures.net\/fr\/?page_id=397"},"modified":"2015-01-26T11:52:12","modified_gmt":"2015-01-26T11:52:12","slug":"beatrice-alumni-marc-peillon","status":"publish","type":"page","link":"https:\/\/www.pepitamusiquesetcultures.net\/fr\/?page_id=397","title":{"rendered":"B\u00e9atrice Alunni &#038; Marc Peillon"},"content":{"rendered":"<p><script type=\"text\/javascript\" src=\"http:\/\/www.pepitamusiquesetcultures.net\/audio\/java\/FWDAudioPlayer.js\"><\/script><\/p>\n<p><div class=\"container full_width\"><div class=\"row-fluid\">\r\n                <div class=\"span12\"><div class=\"text\"><p> <img decoding=\"async\" src=\"http:\/\/www.pepitamusiquesetcultures.net\/images\/artists\/alumnipeillon.png\" alt=\"B\u00e9atrice Alunni &#038; Marc Peillon\" \/><\/p>\n<\/div><\/div>\r\n        <\/div><\/div><br \/>\n<div class=\"container two_columns\">\n<div class=\"row-fluid\"><div class=\"span6\"><div class=\"text\">\n<h3 style=\"color:#FFFAE3; text-align:center;\">B\u00e9atrice Alunni &#038; Marc Peillon jouent &#8220;Peace&#8221;<br \/>de Alunni-Peillon<\/h3>\n\n<\/div><\/div> <div class=\"span6\"><div class=\"text\">\n<div align=\"center\">\n<div id=\"myDiv\"><\/div>\n<\/div>\n\n<\/div><\/div><\/div><br \/>\n<\/div><br \/>\n<div class=\"container full_width\"><div class=\"row-fluid\">\r\n                <div class=\"span12\"><div class=\"text\"><p><strong>B\u00e9atrice Alunni<\/strong>, pianiste, compositeur, arrangeur, est native du sud de la France. Passionn\u00e9e d\u2019op\u00e9ra, de musiques latines et de jazz, elle fait ses \u00e9tudes au Conservatoire National de Nice et \u00e9tudie le piano classique et jazz. Elle est r\u00e9compens\u00e9e dans ces disciplines par deux Premiers Prix.<br \/>\nEn parall\u00e8le, elle obtient un dipl\u00f4me d\u2019\u00e9tat \u00e0 \u00ab Esmod Paris \u00bb en section costumes de sc\u00e8ne, et d\u00e9bute une carri\u00e8re de costumi\u00e8re qui l\u2019am\u00e8ne au poste de chef d\u2019atelier \u00e0 l\u2019Op\u00e9ra de Mont\u00e9-Carlo.<br \/>\nMais l\u2019appel de la musique se fait plus fort, et c\u2019est tout naturellement qu\u2019elle va se rediriger vers sa passion premi\u00e8re: le jazz.<br \/>\nElle devient alors professeur de piano au Conservatoire de Beaulieu sur Mer et int\u00e8gre plusieurs formations aux inspirations multiples : br\u00e9silienne avec \u00ab Dona Flor \u00bb , modern jazz avec \u00ab Aldon Malesco \u00bb. Depuis 2011, elle fait partie du quartet de la chanteuse anglaise Jilly Jackson. Elle s\u2019exerce \u00e9galement \u00e0 la magie du duo et du trio et explore les plaisirs de la composition et de l\u2019arrangement, deux disciplines qu\u2019elle affectionne tout particuli\u00e8rement.<\/p>\n<\/div><\/div>\r\n        <\/div><\/div><br \/>\n<div class=\"container full_width\"><div class=\"row-fluid\">\r\n                <div class=\"span12\"><div class=\"text\"><p>Contrebassiste, compositeur Fran\u00e7ais n\u00e9 \u00e0 Nice, <strong>Marc Peillon<\/strong> obtient la m\u00e9daille d\u2019or dans la discipline \u00ab Basse Jazz \u00bb au Conservatoire National de Nice, et poursuit ses \u00e9tudes \u00e0 l\u2019IMFP (Institut Musical de Formation Professionnelle) de Salon de Provence o\u00f9 il suit les cours d\u2019arrangement avec Yvan Jullien. Plus tard, il obtient le dipl\u00f4me d\u2019\u00e9tat d\u2019enseignant artistique discipline \u00ab Jazz \u00bb. Il joue avec de nombreux artistes internationaux tels Jilly Jackson, Stephane Belmondo, George Benson, Stefano Di Battista, Flavio Boltro, Synopsis, David Sanborn, Sugar Blue, Babik et David Reinhardt, Olivier Temime, Richard Manetti, Louis Bertignac, Philippe Combelle, Toni Petrucciani, Fran\u00e7ois Jeanneau, Art Johnson, Marcia Maria, Nelson Vera, Turk Mauro, Jin Xing, Anna Maria Kopfmann, Lee Musiker, Jean Pierre Rampal, Georges Arvanitas, Richard Galliano, Max Ionata, Fabrizio Bosso, Mattia Cigalini, B\u00e9atrice Alunni\u2026<br \/>\nParall\u00e8lement il est vice-directeur du Conservatoire Intercommunal de Villefranche sur Mer et enseigne dans les conservatoires de Beaulieu sur Mer et Antibes. Cr\u00e9ateur de plusieurs festivals et concerts dans le sud de la France (Cap Jazz, Jazz au Village, Note Bleue \u00e0 Mont\u00e9-Carlo\u2026), Il est l\u2019actuel directeur artistique du festival Saint Jazz Cap Ferrat.<\/p>\n<\/div><\/div>\r\n        <\/div><\/div><br \/>\n<div class=\"container full_width\"><div class=\"row-fluid\">\r\n                <div class=\"span12\"><div class=\"text\">\n<h3 style=\"color:#FFFAE3; text-align:center;\"><a href=\"http:\/\/www.amazon.fr\/Dance-Beatrice-Alunni-Marc-Peillon\/dp\/B00R9PVXS2\/ref=sr_1_3?ie=UTF8&#038;qid=1422270786&#038;sr=8-3&#038;keywords=marc+peillon+dance+with+me\" target=\"_blank\">Amazon<\/a>&nbsp;&nbsp;&nbsp; &#8211; &nbsp;&nbsp;&nbsp;<a href=\"https:\/\/itunes.apple.com\/fr\/album\/dance-with-me\/id953599105\" target=\"_blank\">iTunes<\/a>&nbsp;&nbsp;&nbsp; &#8211; &nbsp;&nbsp;&nbsp;<a href=\"https:\/\/www.facebook.com\/dancewithmefrance\" target=\"_blank\">Facebook<\/a><\/h3>\n\n<\/div><\/div>\r\n        <\/div><\/div><\/p>\n<p><script type=\"text\/javascript\">\n\tFWDUtils.onReady(function(){\n\t\tnew FWDAudioPlayer({\t\n\t\t\t\/\/main settings\n\t\t\tinstanceName:\"player1\",\n\t\t\tparentId:\"myDiv\",\n\t\t\tskinPath:\"http:\/\/www.pepitamusiquesetcultures.net\/audio\/content\/modern_skin3_dark\",\n\t\t\tflashPath:\"http:\/\/www.pepitamusiquesetcultures.net\/audio\/content\/swf.swf\",\n\t\t\tsourcePath:\"http:\/\/www.pepitamusiquesetcultures.net\/audio\/tracks\/beatricemarcpeace.mp3, http:\/\/www.pepitamusiquesetcultures.net\/audio\/tracks\/beatricemarcpeace.ogg\",\n\t\t\tuseOnlyAPI:\"no\",\n\t\t\tshowContextMenu:\"yes\",\n\t\t\tautoPlay:\"no\",\n\t\t\tloop:\"no\",\n\t\t\tmaxWidth:523,\n\t\t\tvolume:.8,\n\t\t\tbackgroundColor:\"transparent\",\n\t\t\t\/\/controller settings\n\t\t\tanimateOnIntro:\"yes\",\n\t\t\tshowOnlyPlayButton:\"no\",\n\t\t\tshowBackgroundBar:\"yes\",\n\t\t\tshowVolumeScrubber:\"yes\",\n\t\t\tshowVolumeButton:\"yes\",\n\t\t\tshowTime:\"yes\",\n\t\t\tstartSpaceBetweenButtons:9,\n\t\t\tprogressScrubberMinWidth:100,\n\t\t\tvolumeScrubberWidth:80,\n\t\t\tcontrollerBackgroundOpacity:.1,\n\t\t\tspaceBetweenButtons:6,\n\t\t\tscrubbersOffsetWidth:6,\n\t\t\tscrubbersOffestTotalWidth:2,\n\t\t\ttimeOffestLeft:0,\n\t\t\ttimeOffsetTop:0,\n\t\t\ttimeOffestTotalWidth:3,\n\t\t\ttimeColor:\"#3399FF\"\n\t\t});\n});\n<\/script><\/p>\n","protected":false},"excerpt":{"rendered":"","protected":false},"author":1,"featured_media":0,"parent":0,"menu_order":0,"comment_status":"closed","ping_status":"closed","template":"","meta":{"footnotes":""},"_links":{"self":[{"href":"https:\/\/www.pepitamusiquesetcultures.net\/fr\/index.php?rest_route=\/wp\/v2\/pages\/397"}],"collection":[{"href":"https:\/\/www.pepitamusiquesetcultures.net\/fr\/index.php?rest_route=\/wp\/v2\/pages"}],"about":[{"href":"https:\/\/www.pepitamusiquesetcultures.net\/fr\/index.php?rest_route=\/wp\/v2\/types\/page"}],"author":[{"embeddable":true,"href":"https:\/\/www.pepitamusiquesetcultures.net\/fr\/index.php?rest_route=\/wp\/v2\/users\/1"}],"replies":[{"embeddable":true,"href":"https:\/\/www.pepitamusiquesetcultures.net\/fr\/index.php?rest_route=%2Fwp%2Fv2%2Fcomments&post=397"}],"version-history":[{"count":8,"href":"https:\/\/www.pepitamusiquesetcultures.net\/fr\/index.php?rest_route=\/wp\/v2\/pages\/397\/revisions"}],"predecessor-version":[{"id":442,"href":"https:\/\/www.pepitamusiquesetcultures.net\/fr\/index.php?rest_route=\/wp\/v2\/pages\/397\/revisions\/442"}],"wp:attachment":[{"href":"https:\/\/www.pepitamusiquesetcultures.net\/fr\/index.php?rest_route=%2Fwp%2Fv2%2Fmedia&parent=397"}],"curies":[{"name":"wp","href":"https:\/\/api.w.org\/{rel}","templated":true}]}}